{"id":345,"date":"2025-01-23T17:37:38","date_gmt":"2025-01-23T16:37:38","guid":{"rendered":"https:\/\/adminathome.fr\/?page_id=345"},"modified":"2025-01-28T15:55:38","modified_gmt":"2025-01-28T14:55:38","slug":"mentions-legales-mentions-legales","status":"publish","type":"page","link":"https:\/\/adminathome.fr\/?page_id=345","title":{"rendered":"Mentions l\u00e9gales"},"content":{"rendered":"<div class=\"aligncenter wp-block-site-logo\"><a href=\"https:\/\/adminathome.fr\/\" class=\"custom-logo-link\" rel=\"home\"><img fetchpriority=\"high\" decoding=\"async\" width=\"527\" height=\"527\" src=\"https:\/\/adminathome.fr\/wp-content\/uploads\/2025\/01\/451507251_122164817510218959_671594140461498205_n.jpg\" class=\"custom-logo\" alt=\"Admin&#039;At Home &#8211; 04.83.73.80.06\" srcset=\"https:\/\/adminathome.fr\/wp-content\/uploads\/2025\/01\/451507251_122164817510218959_671594140461498205_n.jpg 500w, https:\/\/adminathome.fr\/wp-content\/uploads\/2025\/01\/451507251_122164817510218959_671594140461498205_n-300x300.jpg 300w, https:\/\/adminathome.fr\/wp-content\/uploads\/2025\/01\/451507251_122164817510218959_671594140461498205_n-150x150.jpg 150w\" sizes=\"(max-width: 527px) 100vw, 527px\" \/><\/a><\/div>\n\n\n<div class=\"wp-block-buttons alignwide is-content-justification-center is-layout-flex wp-container-core-buttons-is-layout-a89b3969 wp-block-buttons-is-layout-flex\">\n<div class=\"wp-block-button\"><a class=\"wp-block-button__link has-background wp-element-button\" href=\"https:\/\/adminathome.fr\/\" style=\"border-radius:20px;background-color:#004aad\">Accueil<\/a><\/div>\n\n\n\n<div class=\"wp-block-button\"><a class=\"wp-block-button__link has-background wp-element-button\" href=\"https:\/\/adminathome.fr\/?page_id=27\" style=\"border-radius:20px;background-color:#004aad\">Contactez nous<\/a><\/div>\n<\/div>\n\n\n\n<figure class=\"wp-block-image aligncenter size-large is-resized\"><img decoding=\"async\" width=\"1024\" height=\"444\" src=\"https:\/\/adminathome.fr\/wp-content\/uploads\/2025\/01\/mentions-legales-RGPD-1024x444.jpg\" alt=\"Mentions l\u00e9gales\" class=\"wp-image-489\" style=\"width:379px;height:auto\" srcset=\"https:\/\/adminathome.fr\/wp-content\/uploads\/2025\/01\/mentions-legales-RGPD-1024x444.jpg 1024w, https:\/\/adminathome.fr\/wp-content\/uploads\/2025\/01\/mentions-legales-RGPD-300x130.jpg 300w, https:\/\/adminathome.fr\/wp-content\/uploads\/2025\/01\/mentions-legales-RGPD-768x333.jpg 768w, https:\/\/adminathome.fr\/wp-content\/uploads\/2025\/01\/mentions-legales-RGPD.jpg 1500w\" sizes=\"(max-width: 1024px) 100vw, 1024px\" \/><\/figure>\n\n\n\n<h2 class=\"wp-block-heading has-text-align-center has-text-color has-link-color has-system-font-font-family has-large-font-size wp-elements-3933de38d0b46f38f069b61279d89020\" style=\"color:#bd0f2e;text-decoration:underline\"><strong>MENTIONS L\u00c9GALES<\/strong><\/h2>\n\n\n\n<h2 class=\"wp-block-heading has-system-font-font-family has-medium-font-size\"><strong>1 \u2013 Coordonn\u00e9es de l\u2019entit\u00e9 propri\u00e9taire du site Internet<\/strong><\/h2>\n\n\n\n<p>Le site adminathome.fr est \u00e9dit\u00e9 par la soci\u00e9t\u00e9 SARL G.C.M.R. \u2013 ADMIN&rsquo;AT HOME.<br><strong>Adresse du si\u00e8ge social<\/strong> : 111 all\u00e9e Marcel CAIRETY &#8211; 83210 SOLLI\u00c8S-PONT<br><strong>T\u00e9l<\/strong> : 06.99.03.72.06<br><strong>Email<\/strong> : <a>contact@adminathome.fr<\/a><\/p>\n\n\n\n<p><strong>Num\u00e9ro SIRET<\/strong> : 928 692 888 000 11<br><strong>Capital social<\/strong> : 1 000,00\u20ac<\/p>\n\n\n\n<hr class=\"wp-block-separator has-alpha-channel-opacity\"\/>\n\n\n\n<h2 class=\"wp-block-heading has-medium-font-size\"><strong>2 \u2013 L\u2019\u00e9diteur du site<\/strong><\/h2>\n\n\n\n<p><strong>Gr\u00e9gory MALLET-RUIZ<\/strong> assure l\u2019\u00e9dition du site adminathome.fr. <br>En tant que g\u00e9rant et responsable de la publication, il repr\u00e9sente la soci\u00e9t\u00e9 SARL G.C.M.R.<br><strong>Num\u00e9ro SIRET<\/strong> : 928 692 888 000 11.<br>De plus, la Chambre des M\u00e9tiers et de l&rsquo;Artisanat du Var a immatricul\u00e9 l&rsquo;entreprise. Celle-ci applique la TVA au taux de 20 %.<\/p>\n\n\n\n<hr class=\"wp-block-separator has-alpha-channel-opacity\"\/>\n\n\n\n<h2 class=\"wp-block-heading has-medium-font-size\"><strong>3 \u2013 L\u2019h\u00e9bergeur du site<\/strong><\/h2>\n\n\n\n<p>L\u2019h\u00e9bergeur du site est la soci\u00e9t\u00e9 <strong>OVH<\/strong>.<br><strong>Adresse du si\u00e8ge social<\/strong> : 2 rue Kellermann, 59100 Roubaix, France.<br><strong>Capital social<\/strong> : 50 000 000 \u20ac.<br><strong>Num\u00e9ro RCS<\/strong> : 424 761 419 00045.<br><strong>Code APE<\/strong> : 2620Z.<br><strong>Num\u00e9ro de TVA intracommunautaire<\/strong> : FR 22 424 761 419.<\/p>\n\n\n\n<p><strong>OVH SAS<\/strong> est une filiale de la soci\u00e9t\u00e9 <strong>OVH Groupe SA<\/strong>. Immatricul\u00e9e au RCS de Lille sous le num\u00e9ro 537 407 926, sise \u00e9galement au 2, rue Kellermann, 59100 Roubaix.<\/p>\n\n\n\n<hr class=\"wp-block-separator has-alpha-channel-opacity\"\/>\n\n\n\n<h2 class=\"wp-block-heading has-medium-font-size\"><strong>4 \u2013 Acc\u00e8s au site<\/strong><\/h2>\n\n\n\n<p>Le site est accessible <strong>7 jours sur 7, 24 heures sur 24<\/strong>, sauf en cas de force majeure. Ou, dans certains cas, lors d\u2019une interruption n\u00e9cessaire pour effectuer une maintenance visant \u00e0 garantir le bon fonctionnement du site. En cas de modification, d\u2019interruption ou de suspension des services, il convient de noter que la soci\u00e9t\u00e9 <strong>SARL G.C.M.R.<\/strong> ne pourra \u00eatre tenue responsable.<\/p>\n\n\n\n<hr class=\"wp-block-separator has-alpha-channel-opacity\"\/>\n\n\n\n<h2 class=\"wp-block-heading has-medium-font-size\"><strong>5 \u2013 Propri\u00e9t\u00e9 intellectuelle<\/strong><\/h2>\n\n\n\n<p>Le contenu du site <strong>adminathome.fr<\/strong> (textes, images, vid\u00e9os, logos, etc.) est la propri\u00e9t\u00e9 exclusive de la soci\u00e9t\u00e9 <strong>SARL G.C.M.R.<\/strong>. <strong>Les lois fran\u00e7aises et internationales<\/strong> relatives \u00e0 la propri\u00e9t\u00e9 intellectuelle prot\u00e8gent ces \u00e9l\u00e9ments. Par cons\u00e9quent, l&rsquo;\u00e9diteur interdit toute reproduction, repr\u00e9sentation, diffusion, ou exploitation, partielle ou enti\u00e8re, de ces \u00e9l\u00e9ments sans son autorisation pr\u00e9alable et expresse.<\/p>\n\n\n\n<p><strong>Toute violation de cette r\u00e8gle<\/strong> peut, en cons\u00e9quence, entra\u00eener des poursuites judiciaires, conform\u00e9ment aux dispositions du <strong>Code de la propri\u00e9t\u00e9 intellectuelle<\/strong> et du <strong>Code civil<\/strong>.<\/p>\n\n\n\n<hr class=\"wp-block-separator has-alpha-channel-opacity\"\/>\n\n\n\n<p class=\"has-small-font-size\"><strong>Mentions l\u00e9gales du site Admin&rsquo;At Home.<\/strong><\/p>\n\n\n\n<div class=\"wp-block-buttons is-layout-flex wp-block-buttons-is-layout-flex\">\n<div class=\"wp-block-button\"><a class=\"wp-block-button__link wp-element-button\" href=\"https:\/\/entreprendre.service-public.fr\/vosdroits\/F31228\">https:\/\/entreprendre.service-public.fr\/vosdroits\/F31228<\/a><\/div>\n<\/div>\n","protected":false},"excerpt":{"rendered":"<p>MENTIONS L\u00c9GALES 1 \u2013 Coordonn\u00e9es de l\u2019entit\u00e9 propri\u00e9taire du site Internet Le site adminathome.fr est \u00e9dit\u00e9 par la soci\u00e9t\u00e9 SARL G.C.M.R. \u2013 ADMIN&rsquo;AT HOME.Adresse du si\u00e8ge social : 111 all\u00e9e Marcel CAIRETY &#8211; 83210 SOLLI\u00c8S-PONTT\u00e9l : 06.99.03.72.06Email : contact@adminathome.fr Num\u00e9ro SIRET : 928 692 888 000 11Capital social : 1 000,00\u20ac 2 \u2013 L\u2019\u00e9diteur du [&hellip;]<\/p>\n","protected":false},"author":1,"featured_media":0,"parent":27,"menu_order":0,"comment_status":"closed","ping_status":"closed","template":"elementor_header_footer","meta":{"footnotes":""},"class_list":["post-345","page","type-page","status-publish","hentry"],"yoast_head":"<!-- This site is optimized with the Yoast SEO plugin v24.3 - https:\/\/yoast.com\/wordpress\/plugins\/seo\/ -->\n<title>Mentions l\u00e9gales - Admin&#039;At Home - 04.83.73.80.06<\/title>\n<meta name=\"description\" content=\"1 \u2013 Coordonn\u00e9es de l\u2019entit\u00e9 propri\u00e9taire du site Internet La SARL G.C.M.R. \u2013 ADMIN\u2019AT HOME \u2013 83210 SOLLI\u00c8S-PONT\" \/>\n<meta name=\"robots\" content=\"index, follow, max-snippet:-1, max-image-preview:large, max-video-preview:-1\" \/>\n<link rel=\"canonical\" href=\"https:\/\/adminathome.fr\/?page_id=345\" \/>\n<meta property=\"og:locale\" content=\"fr_FR\" \/>\n<meta property=\"og:type\" content=\"article\" \/>\n<meta property=\"og:title\" content=\"Mentions l\u00e9gales - Admin&#039;At Home - 04.83.73.80.06\" \/>\n<meta property=\"og:description\" content=\"1 \u2013 Coordonn\u00e9es de l\u2019entit\u00e9 propri\u00e9taire du site Internet La SARL G.C.M.R. \u2013 ADMIN\u2019AT HOME \u2013 83210 SOLLI\u00c8S-PONT\" \/>\n<meta property=\"og:url\" content=\"https:\/\/adminathome.fr\/?page_id=345\" \/>\n<meta property=\"og:site_name\" content=\"Admin&#039;At Home - 04.83.73.80.06\" \/>\n<meta property=\"article:modified_time\" content=\"2025-01-28T14:55:38+00:00\" \/>\n<meta property=\"og:image\" content=\"https:\/\/adminathome.fr\/wp-content\/uploads\/2025\/01\/mentions-legales-RGPD-1024x444.jpg\" \/>\n<meta name=\"twitter:card\" content=\"summary_large_image\" \/>\n<meta name=\"twitter:label1\" content=\"Dur\u00e9e de lecture estim\u00e9e\" \/>\n\t<meta name=\"twitter:data1\" content=\"2 minutes\" \/>\n<script type=\"application\/ld+json\" class=\"yoast-schema-graph\">{\"@context\":\"https:\/\/schema.org\",\"@graph\":[{\"@type\":\"WebPage\",\"@id\":\"https:\/\/adminathome.fr\/?page_id=345\",\"url\":\"https:\/\/adminathome.fr\/?page_id=345\",\"name\":\"Mentions l\u00e9gales - Admin&#039;At Home - 04.83.73.80.06\",\"isPartOf\":{\"@id\":\"https:\/\/adminathome.fr\/#website\"},\"primaryImageOfPage\":{\"@id\":\"https:\/\/adminathome.fr\/?page_id=345#primaryimage\"},\"image\":{\"@id\":\"https:\/\/adminathome.fr\/?page_id=345#primaryimage\"},\"thumbnailUrl\":\"https:\/\/adminathome.fr\/wp-content\/uploads\/2025\/01\/mentions-legales-RGPD-1024x444.jpg\",\"datePublished\":\"2025-01-23T16:37:38+00:00\",\"dateModified\":\"2025-01-28T14:55:38+00:00\",\"description\":\"1 \u2013 Coordonn\u00e9es de l\u2019entit\u00e9 propri\u00e9taire du site Internet La SARL G.C.M.R. \u2013 ADMIN\u2019AT HOME \u2013 83210 SOLLI\u00c8S-PONT\",\"breadcrumb\":{\"@id\":\"https:\/\/adminathome.fr\/?page_id=345#breadcrumb\"},\"inLanguage\":\"fr-FR\",\"potentialAction\":[{\"@type\":\"ReadAction\",\"target\":[\"https:\/\/adminathome.fr\/?page_id=345\"]}]},{\"@type\":\"ImageObject\",\"inLanguage\":\"fr-FR\",\"@id\":\"https:\/\/adminathome.fr\/?page_id=345#primaryimage\",\"url\":\"https:\/\/adminathome.fr\/wp-content\/uploads\/2025\/01\/mentions-legales-RGPD.jpg\",\"contentUrl\":\"https:\/\/adminathome.fr\/wp-content\/uploads\/2025\/01\/mentions-legales-RGPD.jpg\",\"width\":1500,\"height\":650},{\"@type\":\"BreadcrumbList\",\"@id\":\"https:\/\/adminathome.fr\/?page_id=345#breadcrumb\",\"itemListElement\":[{\"@type\":\"ListItem\",\"position\":1,\"name\":\"Accueil\",\"item\":\"https:\/\/adminathome.fr\/\"},{\"@type\":\"ListItem\",\"position\":2,\"name\":\"Nous contacter\",\"item\":\"https:\/\/adminathome.fr\/?page_id=27\"},{\"@type\":\"ListItem\",\"position\":3,\"name\":\"Mentions l\u00e9gales\"}]},{\"@type\":\"WebSite\",\"@id\":\"https:\/\/adminathome.fr\/#website\",\"url\":\"https:\/\/adminathome.fr\/\",\"name\":\"ADMIN'AT HOME\",\"description\":\"Service de gestion administrative \",\"publisher\":{\"@id\":\"https:\/\/adminathome.fr\/#organization\"},\"potentialAction\":[{\"@type\":\"SearchAction\",\"target\":{\"@type\":\"EntryPoint\",\"urlTemplate\":\"https:\/\/adminathome.fr\/?s={search_term_string}\"},\"query-input\":{\"@type\":\"PropertyValueSpecification\",\"valueRequired\":true,\"valueName\":\"search_term_string\"}}],\"inLanguage\":\"fr-FR\"},{\"@type\":\"Organization\",\"@id\":\"https:\/\/adminathome.fr\/#organization\",\"name\":\"ADMIN'AT HOME\",\"url\":\"https:\/\/adminathome.fr\/\",\"logo\":{\"@type\":\"ImageObject\",\"inLanguage\":\"fr-FR\",\"@id\":\"https:\/\/adminathome.fr\/#\/schema\/logo\/image\/\",\"url\":\"https:\/\/adminathome.fr\/wp-content\/uploads\/2025\/01\/451507251_122164817510218959_671594140461498205_n.jpg\",\"contentUrl\":\"https:\/\/adminathome.fr\/wp-content\/uploads\/2025\/01\/451507251_122164817510218959_671594140461498205_n.jpg\",\"width\":500,\"height\":500,\"caption\":\"ADMIN'AT HOME\"},\"image\":{\"@id\":\"https:\/\/adminathome.fr\/#\/schema\/logo\/image\/\"}}]}<\/script>\n<!-- \/ Yoast SEO plugin. -->","yoast_head_json":{"title":"Mentions l\u00e9gales - Admin&#039;At Home - 04.83.73.80.06","description":"1 \u2013 Coordonn\u00e9es de l\u2019entit\u00e9 propri\u00e9taire du site Internet La SARL G.C.M.R. \u2013 ADMIN\u2019AT HOME \u2013 83210 SOLLI\u00c8S-PONT","robots":{"index":"index","follow":"follow","max-snippet":"max-snippet:-1","max-image-preview":"max-image-preview:large","max-video-preview":"max-video-preview:-1"},"canonical":"https:\/\/adminathome.fr\/?page_id=345","og_locale":"fr_FR","og_type":"article","og_title":"Mentions l\u00e9gales - Admin&#039;At Home - 04.83.73.80.06","og_description":"1 \u2013 Coordonn\u00e9es de l\u2019entit\u00e9 propri\u00e9taire du site Internet La SARL G.C.M.R. \u2013 ADMIN\u2019AT HOME \u2013 83210 SOLLI\u00c8S-PONT","og_url":"https:\/\/adminathome.fr\/?page_id=345","og_site_name":"Admin&#039;At Home - 04.83.73.80.06","article_modified_time":"2025-01-28T14:55:38+00:00","og_image":[{"url":"https:\/\/adminathome.fr\/wp-content\/uploads\/2025\/01\/mentions-legales-RGPD-1024x444.jpg","type":"","width":"","height":""}],"twitter_card":"summary_large_image","twitter_misc":{"Dur\u00e9e de lecture estim\u00e9e":"2 minutes"},"schema":{"@context":"https:\/\/schema.org","@graph":[{"@type":"WebPage","@id":"https:\/\/adminathome.fr\/?page_id=345","url":"https:\/\/adminathome.fr\/?page_id=345","name":"Mentions l\u00e9gales - Admin&#039;At Home - 04.83.73.80.06","isPartOf":{"@id":"https:\/\/adminathome.fr\/#website"},"primaryImageOfPage":{"@id":"https:\/\/adminathome.fr\/?page_id=345#primaryimage"},"image":{"@id":"https:\/\/adminathome.fr\/?page_id=345#primaryimage"},"thumbnailUrl":"https:\/\/adminathome.fr\/wp-content\/uploads\/2025\/01\/mentions-legales-RGPD-1024x444.jpg","datePublished":"2025-01-23T16:37:38+00:00","dateModified":"2025-01-28T14:55:38+00:00","description":"1 \u2013 Coordonn\u00e9es de l\u2019entit\u00e9 propri\u00e9taire du site Internet La SARL G.C.M.R. \u2013 ADMIN\u2019AT HOME \u2013 83210 SOLLI\u00c8S-PONT","breadcrumb":{"@id":"https:\/\/adminathome.fr\/?page_id=345#breadcrumb"},"inLanguage":"fr-FR","potentialAction":[{"@type":"ReadAction","target":["https:\/\/adminathome.fr\/?page_id=345"]}]},{"@type":"ImageObject","inLanguage":"fr-FR","@id":"https:\/\/adminathome.fr\/?page_id=345#primaryimage","url":"https:\/\/adminathome.fr\/wp-content\/uploads\/2025\/01\/mentions-legales-RGPD.jpg","contentUrl":"https:\/\/adminathome.fr\/wp-content\/uploads\/2025\/01\/mentions-legales-RGPD.jpg","width":1500,"height":650},{"@type":"BreadcrumbList","@id":"https:\/\/adminathome.fr\/?page_id=345#breadcrumb","itemListElement":[{"@type":"ListItem","position":1,"name":"Accueil","item":"https:\/\/adminathome.fr\/"},{"@type":"ListItem","position":2,"name":"Nous contacter","item":"https:\/\/adminathome.fr\/?page_id=27"},{"@type":"ListItem","position":3,"name":"Mentions l\u00e9gales"}]},{"@type":"WebSite","@id":"https:\/\/adminathome.fr\/#website","url":"https:\/\/adminathome.fr\/","name":"ADMIN'AT HOME","description":"Service de gestion administrative ","publisher":{"@id":"https:\/\/adminathome.fr\/#organization"},"potentialAction":[{"@type":"SearchAction","target":{"@type":"EntryPoint","urlTemplate":"https:\/\/adminathome.fr\/?s={search_term_string}"},"query-input":{"@type":"PropertyValueSpecification","valueRequired":true,"valueName":"search_term_string"}}],"inLanguage":"fr-FR"},{"@type":"Organization","@id":"https:\/\/adminathome.fr\/#organization","name":"ADMIN'AT HOME","url":"https:\/\/adminathome.fr\/","logo":{"@type":"ImageObject","inLanguage":"fr-FR","@id":"https:\/\/adminathome.fr\/#\/schema\/logo\/image\/","url":"https:\/\/adminathome.fr\/wp-content\/uploads\/2025\/01\/451507251_122164817510218959_671594140461498205_n.jpg","contentUrl":"https:\/\/adminathome.fr\/wp-content\/uploads\/2025\/01\/451507251_122164817510218959_671594140461498205_n.jpg","width":500,"height":500,"caption":"ADMIN'AT HOME"},"image":{"@id":"https:\/\/adminathome.fr\/#\/schema\/logo\/image\/"}}]}},"jetpack_sharing_enabled":true,"_links":{"self":[{"href":"https:\/\/adminathome.fr\/index.php?rest_route=\/wp\/v2\/pages\/345","targetHints":{"allow":["GET"]}}],"collection":[{"href":"https:\/\/adminathome.fr\/index.php?rest_route=\/wp\/v2\/pages"}],"about":[{"href":"https:\/\/adminathome.fr\/index.php?rest_route=\/wp\/v2\/types\/page"}],"author":[{"embeddable":true,"href":"https:\/\/adminathome.fr\/index.php?rest_route=\/wp\/v2\/users\/1"}],"replies":[{"embeddable":true,"href":"https:\/\/adminathome.fr\/index.php?rest_route=%2Fwp%2Fv2%2Fcomments&post=345"}],"version-history":[{"count":21,"href":"https:\/\/adminathome.fr\/index.php?rest_route=\/wp\/v2\/pages\/345\/revisions"}],"predecessor-version":[{"id":524,"href":"https:\/\/adminathome.fr\/index.php?rest_route=\/wp\/v2\/pages\/345\/revisions\/524"}],"up":[{"embeddable":true,"href":"https:\/\/adminathome.fr\/index.php?rest_route=\/wp\/v2\/pages\/27"}],"wp:attachment":[{"href":"https:\/\/adminathome.fr\/index.php?rest_route=%2Fwp%2Fv2%2Fmedia&parent=345"}],"curies":[{"name":"wp","href":"https:\/\/api.w.org\/{rel}","templated":true}]}}